{"id":2280,"date":"2025-09-24T06:43:09","date_gmt":"2025-09-24T06:43:09","guid":{"rendered":"https:\/\/capitoldent.com\/sherbimi-eshte-perkohesisht-i-padisponueshem\/"},"modified":"2025-09-24T07:29:00","modified_gmt":"2025-09-24T07:29:00","slug":"sherbimi-eshte-perkohesisht-i-padisponueshem","status":"publish","type":"page","link":"https:\/\/capitoldent.com\/sq\/","title":{"rendered":"Sh\u00ebrbimi \u00ebsht\u00eb p\u00ebrkoh\u00ebsisht i padisponuesh\u00ebm"},"content":{"rendered":"\t\t<div data-elementor-type=\"wp-page\" data-elementor-id=\"2280\" class=\"elementor elementor-2280 elementor-2249\">\n\t\t\t\t\t\t<section class=\"elementor-section elementor-top-section elementor-element elementor-element-69d60053 elementor-section-height-full elementor-section-boxed elementor-section-height-default elementor-section-items-middle\" data-id=\"69d60053\" data-element_type=\"section\" data-e-type=\"section\" data-settings=\"{&quot;background_background&quot;:&quot;classic&quot;}\">\n\t\t\t\t\t\t\t<div class=\"elementor-background-overlay\"><\/div>\n\t\t\t\t\t\t\t<div class=\"elementor-container elementor-column-gap-default\">\n\t\t\t\t\t<div class=\"elementor-column elementor-col-100 elementor-top-column elementor-element elementor-element-4ea70727\" data-id=\"4ea70727\" data-element_type=\"column\" data-e-type=\"column\" data-settings=\"{&quot;background_background&quot;:&quot;classic&quot;}\">\n\t\t\t<div class=\"elementor-widget-wrap elementor-element-populated\">\n\t\t\t\t\t\t<div class=\"elementor-element elementor-element-12bc0c87 elementor-widget elementor-widget-heading\" data-id=\"12bc0c87\" data-element_type=\"widget\" data-e-type=\"widget\" data-widget_type=\"heading.default\">\n\t\t\t\t<div class=\"elementor-widget-container\">\n\t\t\t\t\t<h1 class=\"elementor-heading-title elementor-size-default\">503<\/h1>\t\t\t\t<\/div>\n\t\t\t\t<\/div>\n\t\t\t\t<div class=\"elementor-element elementor-element-11f3eba9 elementor-widget elementor-widget-heading\" data-id=\"11f3eba9\" data-element_type=\"widget\" data-e-type=\"widget\" data-widget_type=\"heading.default\">\n\t\t\t\t<div class=\"elementor-widget-container\">\n\t\t\t\t\t<h2 class=\"elementor-heading-title elementor-size-default\">Sh\u00ebrbimi \u00ebsht\u00eb p\u00ebrkoh\u00ebsisht i padisponuesh\u00ebm<\/h2>\t\t\t\t<\/div>\n\t\t\t\t<\/div>\n\t\t\t\t<div class=\"elementor-element elementor-element-6a54123e elementor-widget elementor-widget-text-editor\" data-id=\"6a54123e\" data-element_type=\"widget\" data-e-type=\"widget\" data-widget_type=\"text-editor.default\">\n\t\t\t\t<div class=\"elementor-widget-container\">\n\t\t\t\t\t\t\t\t\t<p data-start=\"547\" data-end=\"737\">Aktualisht po p\u00ebrjetojm\u00eb nj\u00eb nd\u00ebrprerje t\u00eb p\u00ebrkohshme t\u00eb sh\u00ebrbimit p\u00ebr shkak t\u00eb problemeve teknike t\u00eb pal\u00ebve t\u00eb treta.<br data-start=\"662\" data-end=\"665\" \/>Ekipi yn\u00eb po punon p\u00ebr t\u00eb rikthyer funksionalitetin e plot\u00eb sa m\u00eb shpejt t\u00eb jet\u00eb e mundur.<\/p>\t\t\t\t\t\t\t\t<\/div>\n\t\t\t\t<\/div>\n\t\t\t\t<div class=\"elementor-element elementor-element-5ec96fc elementor-widget elementor-widget-text-editor\" data-id=\"5ec96fc\" data-element_type=\"widget\" data-e-type=\"widget\" data-widget_type=\"text-editor.default\">\n\t\t\t\t<div class=\"elementor-widget-container\">\n\t\t\t\t\t\t\t\t\t<p data-start=\"547\" data-end=\"737\"><em>P\u00ebr \u00e7\u00ebshtje urgjente, ju lutemi na kontaktoni n\u00eb: support@site-e360d.com<\/em><\/p>\t\t\t\t\t\t\t\t<\/div>\n\t\t\t\t<\/div>\n\t\t\t\t<div class=\"elementor-element elementor-element-d48989a elementor-widget__width-inherit elementor-widget elementor-widget-wpml-language-switcher\" data-id=\"d48989a\" data-element_type=\"widget\" data-e-type=\"widget\" data-widget_type=\"wpml-language-switcher.default\">\n\t\t\t\t<div class=\"elementor-widget-container\">\n\t\t\t\t\t<div class=\"wpml-elementor-ls\">\n<div class=\"wpml-ls-statics-footer wpml-ls wpml-ls-legacy-list-horizontal\">\n\t<ul role=\"menu\"><li class=\"wpml-ls-slot-footer wpml-ls-item wpml-ls-item-en wpml-ls-first-item wpml-ls-item-legacy-list-horizontal\" role=\"none\">\n\t\t\t\t<a href=\"https:\/\/capitoldent.com\/\" class=\"wpml-ls-link\" role=\"menuitem\"  aria-label=\"Switch to English\" title=\"Switch to English\" >\n                                                        <img decoding=\"async\"\n            class=\"wpml-ls-flag\"\n            src=\"https:\/\/capitoldent.com\/wp-content\/plugins\/sitepress-multilingual-cms\/res\/flags\/en.svg\"\n            alt=\"\"\n            width=18\n            height=12\n    \/><span class=\"wpml-ls-native\" lang=\"en\">English<\/span><\/a>\n\t\t\t<\/li><li class=\"wpml-ls-slot-footer wpml-ls-item wpml-ls-item-sq wpml-ls-current-language wpml-ls-last-item wpml-ls-item-legacy-list-horizontal\" role=\"none\">\n\t\t\t\t<a href=\"https:\/\/capitoldent.com\/sq\/\" class=\"wpml-ls-link\" role=\"menuitem\" >\n                                                        <img decoding=\"async\"\n            class=\"wpml-ls-flag\"\n            src=\"https:\/\/capitoldent.com\/wp-content\/plugins\/sitepress-multilingual-cms\/res\/flags\/sq.svg\"\n            alt=\"\"\n            width=18\n            height=12\n    \/><span class=\"wpml-ls-native\" role=\"menuitem\">Albanian<\/span><\/a>\n\t\t\t<\/li><\/ul>\n<\/div>\n<\/div>\t\t\t\t<\/div>\n\t\t\t\t<\/div>\n\t\t\t\t\t<\/div>\n\t\t<\/div>\n\t\t\t\t\t<\/div>\n\t\t<\/section>\n\t\t\t\t<\/div>\n\t\t","protected":false},"excerpt":{"rendered":"<p>503 Sh\u00ebrbimi \u00ebsht\u00eb p\u00ebrkoh\u00ebsisht i padisponuesh\u00ebm Aktualisht po p\u00ebrjetojm\u00eb nj\u00eb nd\u00ebrprerje t\u00eb p\u00ebrkohshme t\u00eb sh\u00ebrbimit p\u00ebr shkak t\u00eb problemeve teknike t\u00eb pal\u00ebve t\u00eb treta.Ekipi yn\u00eb po punon p\u00ebr t\u00eb rikthyer funksionalitetin e plot\u00eb sa m\u00eb shpejt t\u00eb jet\u00eb e mundur. P\u00ebr \u00e7\u00ebshtje urgjente, ju lutemi na kontaktoni n\u00eb: support@site-e360d.com Ju faleminderit English Albanian<\/p>\n","protected":false},"author":1,"featured_media":0,"parent":0,"menu_order":10,"comment_status":"closed","ping_status":"closed","template":"elementor_canvas","meta":{"footnotes":""},"class_list":["post-2280","page","type-page","status-publish","hentry"],"_links":{"self":[{"href":"https:\/\/capitoldent.com\/sq\/wp-json\/wp\/v2\/pages\/2280","targetHints":{"allow":["GET"]}}],"collection":[{"href":"https:\/\/capitoldent.com\/sq\/wp-json\/wp\/v2\/pages"}],"about":[{"href":"https:\/\/capitoldent.com\/sq\/wp-json\/wp\/v2\/types\/page"}],"author":[{"embeddable":true,"href":"https:\/\/capitoldent.com\/sq\/wp-json\/wp\/v2\/users\/1"}],"replies":[{"embeddable":true,"href":"https:\/\/capitoldent.com\/sq\/wp-json\/wp\/v2\/comments?post=2280"}],"version-history":[{"count":10,"href":"https:\/\/capitoldent.com\/sq\/wp-json\/wp\/v2\/pages\/2280\/revisions"}],"predecessor-version":[{"id":2304,"href":"https:\/\/capitoldent.com\/sq\/wp-json\/wp\/v2\/pages\/2280\/revisions\/2304"}],"wp:attachment":[{"href":"https:\/\/capitoldent.com\/sq\/wp-json\/wp\/v2\/media?parent=2280"}],"curies":[{"name":"wp","href":"https:\/\/api.w.org\/{rel}","templated":true}]}}